{"id":26022,"date":"2026-02-13T12:29:02","date_gmt":"2026-02-13T12:29:02","guid":{"rendered":"https:\/\/www.guiri-app.com\/?page_id=26022"},"modified":"2026-02-13T12:41:21","modified_gmt":"2026-02-13T12:41:21","slug":"politica-de-cookies","status":"publish","type":"page","link":"https:\/\/www.guiri-app.com\/en\/politica-de-cookies\/","title":{"rendered":"Pol\u00edtica de Cookies"},"content":{"rendered":"<div data-elementor-type=\"wp-page\" data-elementor-id=\"26022\" class=\"elementor elementor-26022\">\n\t\t\t\t\t\t<section class=\"elementor-section elementor-top-section elementor-element elementor-element-2b1184b0 elementor-section-boxed elementor-section-height-default elementor-section-height-default sc_fly_static\" data-id=\"2b1184b0\" data-element_type=\"section\" data-settings=\"{&quot;background_background&quot;:&quot;classic&quot;}\">\n\t\t\t\t\t\t<div class=\"elementor-container elementor-column-gap-extended\">\n\t\t\t\t\t<div class=\"elementor-column elementor-col-100 elementor-top-column elementor-element elementor-element-153e1c19 sc_content_align_inherit sc_layouts_column_icons_position_left sc_fly_static\" data-id=\"153e1c19\" data-element_type=\"column\">\n\t\t\t<div class=\"elementor-widget-wrap elementor-element-populated\">\n\t\t\t\t\t\t<div class=\"elementor-element elementor-element-6b86298 sc_fly_static elementor-widget elementor-widget-heading\" data-id=\"6b86298\" data-element_type=\"widget\" data-widget_type=\"heading.default\">\n\t\t\t\t<div class=\"elementor-widget-container\">\n\t\t\t\t\t<h2 class=\"elementor-heading-title elementor-size-default\">POL\u00cdTICA DE COOKIES<\/h2>\t\t\t\t<\/div>\n\t\t\t\t<\/div>\n\t\t\t\t<div class=\"elementor-element elementor-element-54db29de sc_fly_static elementor-widget elementor-widget-text-editor\" data-id=\"54db29de\" data-element_type=\"widget\" data-widget_type=\"text-editor.default\">\n\t\t\t\t<div class=\"elementor-widget-container\">\n\t\t\t\t\t\t\t\t\t<p>El acceso a este Sitio Web puede implicar la utilizaci\u00f3n de cookies.<\/p><p>Las cookies son peque\u00f1as cantidadesde informaci\u00f3n que se almacenan en el navegador utilizado por cada Usuario \u2014en los distintos dispositivosque pueda utilizar para navegar\u2014 para que el servidor recuerde cierta informaci\u00f3n que posteriormente y\u00fanicamente el servidor que la implement\u00f3 leer\u00e1.<\/p><p>Las cookies facilitan la navegaci\u00f3n, la hacen m\u00e1samigable, y no da\u00f1an el dispositivo de navegaci\u00f3n.Las cookies son procedimientos autom\u00e1ticos de recogida de informaci\u00f3n relativa a las preferenciasdeterminadas por el Usuario durante su visita al Sitio Web con el fin de reconocerlo como Usuario, ypersonalizar su experiencia y el uso del Sitio Web, y pueden tambi\u00e9n, por ejemplo, ayudar a identificar yresolver errores.<\/p><p>La informaci\u00f3n recabada a trav\u00e9s de las cookies puede incluir la fecha y hora de visitas al Sitio Web, lasp\u00e1ginas visionadas, el tiempo que ha estado en el Sitio Web y los sitios visitados justo antes y despu\u00e9s delmismo. Sin embargo, ninguna cookie permite que esta misma pueda contactarse con el n\u00famero detel\u00e9fono del Usuario o con cualquier otro medio de contacto personal.<\/p><p>Ninguna cookie puede extraerinformaci\u00f3n del disco duro del Usuario o robar informaci\u00f3n personal.<\/p><p>La \u00fanica manera de que lainformaci\u00f3n privada del Usuario forme parte del archivo Cookie es que el usuario d\u00e9 personalmente esainformaci\u00f3n al servidor.Las cookies que permiten identificar a una persona se consideran datos personales. Por tanto, a lasmismas les ser\u00e1 de aplicaci\u00f3n la Pol\u00edtica de Privacidad anteriormente descrita. En este sentido, para lautilizaci\u00f3n de las mismas ser\u00e1 necesario el consentimiento del Usuario.<\/p><p>Este consentimiento ser\u00e1comunicado, en base a una elecci\u00f3n aut\u00e9ntica, ofrecido mediante una decisi\u00f3n afirmativa y positiva, antesdel tratamiento inicial, removible y documentado.<\/p><h6>Cookies propias<\/h6><p>Son aquellas cookies que son enviadas al ordenador o dispositivo del Usuario y gestionadasexclusivamente por Guiri para el mejor funcionamiento del Sitio Web. La informaci\u00f3n que se recaba seemplea para mejorar la calidad del Sitio Web y su Contenido y su experiencia como Usuario. Estas cookiespermiten reconocer al Usuario como visitante recurrente del Sitio Web y adaptar el contenido paraofrecerle contenidos que se ajusten a sus preferencias.<\/p><h6>Cookies de terceros<\/h6><p>Son cookies utilizadas y gestionadas por entidades externas que proporcionan a Guiri servicios solicitadospor este mismo para mejorar el Sitio Web y la experiencia del usuario al navegar en el Sitio Web. Losprincipales objetivos para los que se utilizan cookies de terceros son la obtenci\u00f3n de estad\u00edsticas deaccesos y analizar la informaci\u00f3n de la navegaci\u00f3n, es decir, c\u00f3mo interact\u00faa el Usuario con el Sitio Web.La informaci\u00f3n que se obtiene se refiere, por ejemplo, al n\u00famero de p\u00e1ginas visitadas, el idioma, el lugar ala que la direcci\u00f3n IP desde el que accede el Usuario, el n\u00famero de Usuarios que acceden, la frecuencia yreincidencia de las visitas, el tiempo de visita, el navegador que usan, el operador o tipo de dispositivo<br \/>desde el que se realiza la visita.<\/p><p>Esta informaci\u00f3n se utiliza para mejorar el Sitio Web, y detectar nuevasnecesidades para ofrecer a los Usuarios un Contenido y\/o servicio de \u00f3ptima calidad.<\/p><p>En todo caso, lainformaci\u00f3n se recopila de forma an\u00f3nima y se elaboran informes de tendencias del Sitio Web sinidentificar a usuarios individuales.<\/p><p>Puede obtener m\u00e1s informaci\u00f3n sobre las cookies, la informaci\u00f3n sobre la privacidad, o consultar ladescripci\u00f3n del tipo de cookies que se utiliza, sus principales caracter\u00edsticas, periodo de expiraci\u00f3n, etc. enel siguiente(s) enlace(s):<\/p><p>Google Analytics. Google LLC 1600 Amphitheatre Parkway, Mountain View, California, 94043, EE UU<\/p><p>La(s) entidad(es) encargada(s) del suministro de cookies podr\u00e1(n) ceder esta informaci\u00f3n a terceros,siempre y cuando lo exija la ley o sea un tercero el que procese esta informaci\u00f3n para dichas entidades.<\/p><h6>Deshabilitar, rechazar y eliminar cookies<\/h6><p>El Usuario puede deshabilitar, rechazar y eliminar las cookies \u2014total o parcialmente\u2014 instaladas en sudispositivo mediante la configuraci\u00f3n de su navegador (entre los que se encuentran, por ejemplo, Chrome,Firefox, Safari, Explorer).<\/p><p>En este sentido, los procedimientos para rechazar y eliminar las cookies puedendiferir de un navegador de Internet a otro.<\/p><p>En consecuencia, el Usuario debe acudir a las instruccionesfacilitadas por el propio navegador de Internet que est\u00e9 utilizando.<\/p><p>En el supuesto de que rechace el usode cookies \u2014total o parcialmente\u2014 podr\u00e1 seguir usando el Sitio Web, si bien podr\u00e1 tener limitada lautilizaci\u00f3n de algunas de las prestaciones del mismo.<\/p>\t\t\t\t\t\t\t\t<\/div>\n\t\t\t\t<\/div>\n\t\t\t\t\t<\/div>\n\t\t<\/div>\n\t\t\t\t\t<\/div>\n\t\t<\/section>\n\t\t\t\t<section class=\"elementor-section elementor-top-section elementor-element elementor-element-7ef86bc8 elementor-section-boxed elementor-section-height-default elementor-section-height-default sc_fly_static\" data-id=\"7ef86bc8\" data-element_type=\"section\">\n\t\t\t\t\t\t<div class=\"elementor-container elementor-column-gap-extended\">\n\t\t\t\t\t<div class=\"elementor-column elementor-col-100 elementor-top-column elementor-element elementor-element-19372eea sc_content_align_inherit sc_layouts_column_icons_position_left sc_fly_static\" data-id=\"19372eea\" data-element_type=\"column\">\n\t\t\t<div class=\"elementor-widget-wrap elementor-element-populated\">\n\t\t\t\t\t\t<div class=\"elementor-element elementor-element-690b98ed sc_fly_static elementor-widget elementor-widget-spacer\" data-id=\"690b98ed\" data-element_type=\"widget\" data-widget_type=\"spacer.default\">\n\t\t\t\t<div class=\"elementor-widget-container\">\n\t\t\t\t\t\t\t<div class=\"elementor-spacer\">\n\t\t\t<div class=\"elementor-spacer-inner\"><\/div>\n\t\t<\/div>\n\t\t\t\t\t\t<\/div>\n\t\t\t\t<\/div>\n\t\t\t\t\t<\/div>\n\t\t<\/div>\n\t\t\t\t\t<\/div>\n\t\t<\/section>\n\t\t\t\t<\/div>","protected":false},"excerpt":{"rendered":"<p>POL\u00cdTICA DE COOKIES El acceso a este Sitio Web puede implicar la utilizaci\u00f3n de cookies. Las cookies son peque\u00f1as cantidadesde informaci\u00f3n que se almacenan en el navegador utilizado por cada&hellip;<\/p>","protected":false},"author":1,"featured_media":0,"parent":0,"menu_order":0,"comment_status":"closed","ping_status":"closed","template":"","meta":{"footnotes":""},"class_list":["post-26022","page","type-page","status-publish","hentry"],"yoast_head":"<!-- This site is optimized with the Yoast SEO plugin v25.1 - https:\/\/yoast.com\/wordpress\/plugins\/seo\/ -->\n<title>Pol\u00edtica de Cookies - Guiri<\/title>\n<meta name=\"robots\" content=\"index, follow, max-snippet:-1, max-image-preview:large, max-video-preview:-1\" \/>\n<link rel=\"canonical\" href=\"https:\/\/www.guiri-app.com\/en\/politica-de-cookies\/\" \/>\n<meta property=\"og:locale\" content=\"en_GB\" \/>\n<meta property=\"og:type\" content=\"article\" \/>\n<meta property=\"og:title\" content=\"Pol\u00edtica de Cookies - Guiri\" \/>\n<meta property=\"og:description\" content=\"POL\u00cdTICA DE COOKIES El acceso a este Sitio Web puede implicar la utilizaci\u00f3n de cookies. Las cookies son peque\u00f1as cantidadesde informaci\u00f3n que se almacenan en el navegador utilizado por cada&hellip;\" \/>\n<meta property=\"og:url\" content=\"https:\/\/www.guiri-app.com\/en\/politica-de-cookies\/\" \/>\n<meta property=\"og:site_name\" content=\"Guiri\" \/>\n<meta property=\"article:modified_time\" content=\"2026-02-13T12:41:21+00:00\" \/>\n<meta name=\"twitter:card\" content=\"summary_large_image\" \/>\n<meta name=\"twitter:label1\" content=\"Estimated reading time\" \/>\n\t<meta name=\"twitter:data1\" content=\"4 minutes\" \/>\n<script type=\"application\/ld+json\" class=\"yoast-schema-graph\">{\"@context\":\"https:\/\/schema.org\",\"@graph\":[{\"@type\":\"WebPage\",\"@id\":\"https:\/\/www.guiri-app.com\/politica-de-cookies\/\",\"url\":\"https:\/\/www.guiri-app.com\/politica-de-cookies\/\",\"name\":\"Pol\u00edtica de Cookies - Guiri\",\"isPartOf\":{\"@id\":\"https:\/\/www.guiri-app.com\/#website\"},\"datePublished\":\"2026-02-13T12:29:02+00:00\",\"dateModified\":\"2026-02-13T12:41:21+00:00\",\"breadcrumb\":{\"@id\":\"https:\/\/www.guiri-app.com\/politica-de-cookies\/#breadcrumb\"},\"inLanguage\":\"en-GB\",\"potentialAction\":[{\"@type\":\"ReadAction\",\"target\":[\"https:\/\/www.guiri-app.com\/politica-de-cookies\/\"]}]},{\"@type\":\"BreadcrumbList\",\"@id\":\"https:\/\/www.guiri-app.com\/politica-de-cookies\/#breadcrumb\",\"itemListElement\":[{\"@type\":\"ListItem\",\"position\":1,\"name\":\"Portada\",\"item\":\"https:\/\/www.guiri-app.com\/\"},{\"@type\":\"ListItem\",\"position\":2,\"name\":\"Pol\u00edtica de Cookies\"}]},{\"@type\":\"WebSite\",\"@id\":\"https:\/\/www.guiri-app.com\/#website\",\"url\":\"https:\/\/www.guiri-app.com\/\",\"name\":\"Guiri\",\"description\":\"\",\"publisher\":{\"@id\":\"https:\/\/www.guiri-app.com\/#organization\"},\"potentialAction\":[{\"@type\":\"SearchAction\",\"target\":{\"@type\":\"EntryPoint\",\"urlTemplate\":\"https:\/\/www.guiri-app.com\/?s={search_term_string}\"},\"query-input\":{\"@type\":\"PropertyValueSpecification\",\"valueRequired\":true,\"valueName\":\"search_term_string\"}}],\"inLanguage\":\"en-GB\"},{\"@type\":\"Organization\",\"@id\":\"https:\/\/www.guiri-app.com\/#organization\",\"name\":\"Guiri\",\"url\":\"https:\/\/www.guiri-app.com\/\",\"logo\":{\"@type\":\"ImageObject\",\"inLanguage\":\"en-GB\",\"@id\":\"https:\/\/www.guiri-app.com\/#\/schema\/logo\/image\/\",\"url\":\"https:\/\/www.guiri-app.com\/wp-content\/uploads\/2025\/04\/cropped-LOGO-1.png\",\"contentUrl\":\"https:\/\/www.guiri-app.com\/wp-content\/uploads\/2025\/04\/cropped-LOGO-1.png\",\"width\":195,\"height\":80,\"caption\":\"Guiri\"},\"image\":{\"@id\":\"https:\/\/www.guiri-app.com\/#\/schema\/logo\/image\/\"}}]}<\/script>\n<!-- \/ Yoast SEO plugin. -->","yoast_head_json":{"title":"Pol\u00edtica de Cookies - Guiri","robots":{"index":"index","follow":"follow","max-snippet":"max-snippet:-1","max-image-preview":"max-image-preview:large","max-video-preview":"max-video-preview:-1"},"canonical":"https:\/\/www.guiri-app.com\/en\/politica-de-cookies\/","og_locale":"en_GB","og_type":"article","og_title":"Pol\u00edtica de Cookies - Guiri","og_description":"POL\u00cdTICA DE COOKIES El acceso a este Sitio Web puede implicar la utilizaci\u00f3n de cookies. Las cookies son peque\u00f1as cantidadesde informaci\u00f3n que se almacenan en el navegador utilizado por cada&hellip;","og_url":"https:\/\/www.guiri-app.com\/en\/politica-de-cookies\/","og_site_name":"Guiri","article_modified_time":"2026-02-13T12:41:21+00:00","twitter_card":"summary_large_image","twitter_misc":{"Estimated reading time":"4 minutes"},"schema":{"@context":"https:\/\/schema.org","@graph":[{"@type":"WebPage","@id":"https:\/\/www.guiri-app.com\/politica-de-cookies\/","url":"https:\/\/www.guiri-app.com\/politica-de-cookies\/","name":"Pol\u00edtica de Cookies - Guiri","isPartOf":{"@id":"https:\/\/www.guiri-app.com\/#website"},"datePublished":"2026-02-13T12:29:02+00:00","dateModified":"2026-02-13T12:41:21+00:00","breadcrumb":{"@id":"https:\/\/www.guiri-app.com\/politica-de-cookies\/#breadcrumb"},"inLanguage":"en-GB","potentialAction":[{"@type":"ReadAction","target":["https:\/\/www.guiri-app.com\/politica-de-cookies\/"]}]},{"@type":"BreadcrumbList","@id":"https:\/\/www.guiri-app.com\/politica-de-cookies\/#breadcrumb","itemListElement":[{"@type":"ListItem","position":1,"name":"Portada","item":"https:\/\/www.guiri-app.com\/"},{"@type":"ListItem","position":2,"name":"Pol\u00edtica de Cookies"}]},{"@type":"WebSite","@id":"https:\/\/www.guiri-app.com\/#website","url":"https:\/\/www.guiri-app.com\/","name":"Guiri","description":"","publisher":{"@id":"https:\/\/www.guiri-app.com\/#organization"},"potentialAction":[{"@type":"SearchAction","target":{"@type":"EntryPoint","urlTemplate":"https:\/\/www.guiri-app.com\/?s={search_term_string}"},"query-input":{"@type":"PropertyValueSpecification","valueRequired":true,"valueName":"search_term_string"}}],"inLanguage":"en-GB"},{"@type":"Organization","@id":"https:\/\/www.guiri-app.com\/#organization","name":"Guiri","url":"https:\/\/www.guiri-app.com\/","logo":{"@type":"ImageObject","inLanguage":"en-GB","@id":"https:\/\/www.guiri-app.com\/#\/schema\/logo\/image\/","url":"https:\/\/www.guiri-app.com\/wp-content\/uploads\/2025\/04\/cropped-LOGO-1.png","contentUrl":"https:\/\/www.guiri-app.com\/wp-content\/uploads\/2025\/04\/cropped-LOGO-1.png","width":195,"height":80,"caption":"Guiri"},"image":{"@id":"https:\/\/www.guiri-app.com\/#\/schema\/logo\/image\/"}}]}},"_links":{"self":[{"href":"https:\/\/www.guiri-app.com\/en\/wp-json\/wp\/v2\/pages\/26022","targetHints":{"allow":["GET"]}}],"collection":[{"href":"https:\/\/www.guiri-app.com\/en\/wp-json\/wp\/v2\/pages"}],"about":[{"href":"https:\/\/www.guiri-app.com\/en\/wp-json\/wp\/v2\/types\/page"}],"author":[{"embeddable":true,"href":"https:\/\/www.guiri-app.com\/en\/wp-json\/wp\/v2\/users\/1"}],"replies":[{"embeddable":true,"href":"https:\/\/www.guiri-app.com\/en\/wp-json\/wp\/v2\/comments?post=26022"}],"version-history":[{"count":10,"href":"https:\/\/www.guiri-app.com\/en\/wp-json\/wp\/v2\/pages\/26022\/revisions"}],"predecessor-version":[{"id":26050,"href":"https:\/\/www.guiri-app.com\/en\/wp-json\/wp\/v2\/pages\/26022\/revisions\/26050"}],"wp:attachment":[{"href":"https:\/\/www.guiri-app.com\/en\/wp-json\/wp\/v2\/media?parent=26022"}],"curies":[{"name":"wp","href":"https:\/\/api.w.org\/{rel}","templated":true}]}}